{"id":2,"date":"2023-07-26T14:23:27","date_gmt":"2023-07-26T12:23:27","guid":{"rendered":"http:\/\/pendulhomme.com\/?page_id=2"},"modified":"2025-06-10T13:43:34","modified_gmt":"2025-06-10T11:43:34","slug":"prestations","status":"publish","type":"page","link":"https:\/\/pendulhomme.com\/index.php\/prestations\/","title":{"rendered":"Services"},"content":{"rendered":"\n<p><strong>I practice level 3 long distance care: I scan, repair and optimise.<\/strong><\/p>\n\n\n<div class=\"wp-block-image\">\n<figure class=\"alignright size-large is-resized\"><img data-recalc-dims=\"1\" loading=\"lazy\" decoding=\"async\" width=\"750\" height=\"1000\" src=\"https:\/\/i0.wp.com\/pendulhomme.com\/wp-content\/uploads\/2023\/09\/Bibi.jpg?resize=750%2C1000\" alt=\"\" class=\"wp-image-509\" style=\"aspect-ratio:0.7528089887640449;width:195px;height:auto\" srcset=\"https:\/\/i0.wp.com\/pendulhomme.com\/wp-content\/uploads\/2023\/09\/Bibi.jpg?resize=768%2C1024&amp;ssl=1 768w, https:\/\/i0.wp.com\/pendulhomme.com\/wp-content\/uploads\/2023\/09\/Bibi.jpg?resize=225%2C300&amp;ssl=1 225w, https:\/\/i0.wp.com\/pendulhomme.com\/wp-content\/uploads\/2023\/09\/Bibi.jpg?w=960&amp;ssl=1 960w\" sizes=\"auto, (max-width: 750px) 100vw, 750px\" \/><\/figure>\n<\/div>\n\n\n<p><br>Using a pendulum for dowsing isn&rsquo;t new.<\/p>\n\n\n\n<p>There&rsquo;s no need to prove it works anymore, there are so many examples, the Abb\u00e9 <strong>Bouly<\/strong>, the P\u00e8re <strong>Bourdoux<\/strong>, Jules <strong>Calt\u00e9<\/strong>, Robert <strong>Felsenhardt<\/strong>, Ernest <strong>Lecher<\/strong>, Maurice <strong>Legal<\/strong>, the Abb\u00e9 <strong>Mermet<\/strong>, Joseph <strong>Treyve<\/strong>. There are countless others, in every country in the world, I&rsquo;ll let you do the research.<\/p>\n\n\n\n<p>Radiesthesia is the origin, what I call <strong>the level 1<\/strong>, the ability to <strong>connect <\/strong>and then <strong>scan<\/strong>.<\/p>\n\n\n<div class=\"wp-block-image\">\n<figure class=\"alignleft size-full is-resized\"><img data-recalc-dims=\"1\" loading=\"lazy\" decoding=\"async\" width=\"750\" height=\"644\" src=\"https:\/\/i0.wp.com\/pendulhomme.com\/wp-content\/uploads\/2023\/08\/Raymond-Naud.png?resize=750%2C644\" alt=\"\" class=\"wp-image-98\" style=\"width:258px;height:auto\" srcset=\"https:\/\/i0.wp.com\/pendulhomme.com\/wp-content\/uploads\/2023\/08\/Raymond-Naud.png?w=838&amp;ssl=1 838w, https:\/\/i0.wp.com\/pendulhomme.com\/wp-content\/uploads\/2023\/08\/Raymond-Naud.png?resize=300%2C258&amp;ssl=1 300w, https:\/\/i0.wp.com\/pendulhomme.com\/wp-content\/uploads\/2023\/08\/Raymond-Naud.png?resize=768%2C660&amp;ssl=1 768w\" sizes=\"auto, (max-width: 750px) 100vw, 750px\" \/><\/figure>\n<\/div>\n\n\n<p>In 2010, I had the opportunity to work alongside <strong>Raymond Naud<\/strong>, an exceptional radiesthesist. A <strong>researcher and self-taught expert<\/strong>, he taught me <strong>to do more with my pendulum<\/strong> than just connect with clients\u2014to truly work on them. This was hands-on training with real-time feedback.<\/p>\n\n\n\n<p>We can help to reduce congestion, resolve, fluidify, clean, relax, restart, <strong>and do so much more<\/strong>.<\/p>\n\n\n\n<p><strong>It&rsquo;s more than dowsing, it&rsquo;s what I call level 2, repairing.<\/strong><\/p>\n\n\n\n<p class=\"has-header-gradient-color has-text-color has-link-color wp-elements-0d76368a76d4badcfc1d2e05ca5a3156\"><strong><strong>Inflammations<\/strong>, infections, vascular problems, hemorrhoids, cross-ligaments, stones (kidneys and bladder), zeros, stomach, headache, burns, stress blocking, painful periods, sleep problems, back blockages, ophthalmic migraines, skin problems and a lot of very specific cases\u2026<\/strong><\/p>\n\n\n<div class=\"wp-block-image\">\n<figure class=\"alignright size-full is-resized\"><img data-recalc-dims=\"1\" loading=\"lazy\" decoding=\"async\" width=\"739\" height=\"639\" src=\"https:\/\/i0.wp.com\/pendulhomme.com\/wp-content\/uploads\/2023\/09\/Medical-first.png?resize=739%2C639\" alt=\"\" class=\"wp-image-480\" style=\"aspect-ratio:1.1554404145077721;width:187px;height:auto\" srcset=\"https:\/\/i0.wp.com\/pendulhomme.com\/wp-content\/uploads\/2023\/09\/Medical-first.png?w=739&amp;ssl=1 739w, https:\/\/i0.wp.com\/pendulhomme.com\/wp-content\/uploads\/2023\/09\/Medical-first.png?resize=300%2C259&amp;ssl=1 300w\" sizes=\"auto, (max-width: 739px) 100vw, 739px\" \/><\/figure>\n<\/div>\n\n\n<p>However, <strong>BEWARE<\/strong> ! <strong>Do not change anything about your treatments<\/strong>; medical care takes priority! I work alongside the medical profession, not in its place. <strong>All ongoing medical treatments must be followed and respected<\/strong>.<\/p>\n\n\n\n<p><strong>Level 3 is my participation in this adventure by helping to optimise<\/strong><\/p>\n\n\n\n<p><strong>I am interested and trained <\/strong>on many of the mechanisms that make <strong>you well<\/strong>. Chinese medicine, Reiki, qi, meridians, chakras, in short, the human in its entirety. <strong>Resolve the root cause of a problem to avoid symptoms<\/strong>.<\/p>\n\n\n\n<p><br>The <strong>3.0 <\/strong>allows to work on some of these mechanics to allow the whole to operate at its maximum capacity, it allows to <strong>optimize <\/strong>them.<\/p>\n\n\n<div class=\"wp-block-image\">\n<figure class=\"alignleft size-large is-resized\"><img data-recalc-dims=\"1\" loading=\"lazy\" decoding=\"async\" width=\"750\" height=\"434\" src=\"https:\/\/i0.wp.com\/pendulhomme.com\/wp-content\/uploads\/2023\/09\/Fond-bureau.png?resize=750%2C434\" alt=\"\" class=\"wp-image-467\" style=\"width:409px;height:236px\" srcset=\"https:\/\/i0.wp.com\/pendulhomme.com\/wp-content\/uploads\/2023\/09\/Fond-bureau.png?resize=1024%2C593&amp;ssl=1 1024w, https:\/\/i0.wp.com\/pendulhomme.com\/wp-content\/uploads\/2023\/09\/Fond-bureau.png?resize=300%2C174&amp;ssl=1 300w, https:\/\/i0.wp.com\/pendulhomme.com\/wp-content\/uploads\/2023\/09\/Fond-bureau.png?resize=768%2C445&amp;ssl=1 768w, https:\/\/i0.wp.com\/pendulhomme.com\/wp-content\/uploads\/2023\/09\/Fond-bureau.png?w=1274&amp;ssl=1 1274w\" sizes=\"auto, (max-width: 750px) 100vw, 750px\" \/><\/figure>\n<\/div>\n\n\n<p><strong>Better recovery after injuries, intense efforts, too strong emotions, more general issues.<\/strong><\/p>\n\n\n\n<p>Not to mention <strong>the speed with which I can provide this assistance<\/strong>: text, mail, visio, telephone, it is immediate and very concrete.<\/p>\n\n\n\n<p><strong>How much does it cost ?<\/strong><\/p>\n\n\n\n<p><strong>Basic treatment<\/strong> costs <strong><strong>\u20ac<\/strong>50<\/strong>.<\/p>\n\n\n\n<p><strong>Follow-up support for competitions<\/strong>, care the day before, the day of the competition, in the evening and if required on request at <strong><strong>\u20ac<\/strong>120<\/strong>.<\/p>\n\n\n\n<p><strong>Follow-up support over 7 days<\/strong> with treatment in the evening, during the day and on request at <strong>\u20ac550<\/strong>.<\/p>\n\n\n\n<p> But often I adapt based on many criteria.<\/p>\n\n\n\n<p>The follow-up, the number of people, the frequency of visits, the history, the objectives &#8211; <strong>it&rsquo;s really case by case<\/strong>. Often, people see that we can go further and we develop specific follow-ups together.<strong> My goal is<\/strong> not to empty their wallets, but <strong>to open the doors to possibilities<\/strong> and accompany them towards their goals.<\/p>\n\n\n\n<p>Finally, for individuals but <strong>often for athletes<\/strong> I have another tool:<\/p>\n\n\n\n<p class=\"has-text-align-center\"><strong>The Amma.<\/strong><\/p>\n\n\n<div class=\"wp-block-image\">\n<figure class=\"alignright size-full is-resized\"><img data-recalc-dims=\"1\" loading=\"lazy\" decoding=\"async\" width=\"750\" height=\"572\" src=\"https:\/\/i0.wp.com\/pendulhomme.com\/wp-content\/uploads\/2024\/07\/AMMA.png?resize=750%2C572&#038;ssl=1\" alt=\"\" class=\"wp-image-902\" style=\"width:390px;height:auto\" srcset=\"https:\/\/i0.wp.com\/pendulhomme.com\/wp-content\/uploads\/2024\/07\/AMMA.png?w=837&amp;ssl=1 837w, https:\/\/i0.wp.com\/pendulhomme.com\/wp-content\/uploads\/2024\/07\/AMMA.png?resize=300%2C229&amp;ssl=1 300w, https:\/\/i0.wp.com\/pendulhomme.com\/wp-content\/uploads\/2024\/07\/AMMA.png?resize=768%2C585&amp;ssl=1 768w\" sizes=\"auto, (max-width: 750px) 100vw, 750px\" \/><\/figure>\n<\/div>\n\n\n<p>I am trained in Tony Neuman\u2019s method to practice<strong> the Amma<\/strong>. I work on<strong> ergonomic chair<\/strong> and realize it in 15 minutes.<\/p>\n\n\n\n<p>More than a sitting massage, it is a <strong>Japanese clean-up<\/strong>, an incredibly effective kata of the meridians that unblocks what jams and restores energy. It allows me to be even more useful on the field <strong>in court events or competitions<\/strong>.<\/p>\n","protected":false},"excerpt":{"rendered":"<p>I practice level 3 long distance care: I scan, repair and optimise. Using a pendulum for dowsing isn&rsquo;t new. There&rsquo;s no need to prove it works anymore, there are so many examples, the Abb\u00e9 Bouly, the P\u00e8re Bourdoux, Jules Calt\u00e9, Robert Felsenhardt, Ernest Lecher, Maurice Legal, the Abb\u00e9 Mermet, Joseph [&hellip;]<\/p>\n","protected":false},"author":1,"featured_media":73,"parent":0,"menu_order":0,"comment_status":"closed","ping_status":"open","template":"","meta":{"om_disable_all_campaigns":false,"_monsterinsights_skip_tracking":false,"_monsterinsights_sitenote_active":false,"_monsterinsights_sitenote_note":"","_monsterinsights_sitenote_category":0,"_uf_show_specific_survey":0,"_uf_disable_surveys":false,"footnotes":""},"class_list":["post-2","page","type-page","status-publish","has-post-thumbnail","hentry"],"aioseo_notices":[],"jetpack_sharing_enabled":true,"_links":{"self":[{"href":"https:\/\/pendulhomme.com\/index.php\/wp-json\/wp\/v2\/pages\/2","targetHints":{"allow":["GET"]}}],"collection":[{"href":"https:\/\/pendulhomme.com\/index.php\/wp-json\/wp\/v2\/pages"}],"about":[{"href":"https:\/\/pendulhomme.com\/index.php\/wp-json\/wp\/v2\/types\/page"}],"author":[{"embeddable":true,"href":"https:\/\/pendulhomme.com\/index.php\/wp-json\/wp\/v2\/users\/1"}],"replies":[{"embeddable":true,"href":"https:\/\/pendulhomme.com\/index.php\/wp-json\/wp\/v2\/comments?post=2"}],"version-history":[{"count":59,"href":"https:\/\/pendulhomme.com\/index.php\/wp-json\/wp\/v2\/pages\/2\/revisions"}],"predecessor-version":[{"id":1054,"href":"https:\/\/pendulhomme.com\/index.php\/wp-json\/wp\/v2\/pages\/2\/revisions\/1054"}],"wp:featuredmedia":[{"embeddable":true,"href":"https:\/\/pendulhomme.com\/index.php\/wp-json\/wp\/v2\/media\/73"}],"wp:attachment":[{"href":"https:\/\/pendulhomme.com\/index.php\/wp-json\/wp\/v2\/media?parent=2"}],"curies":[{"name":"wp","href":"https:\/\/api.w.org\/{rel}","templated":true}]}}